{"id":108,"date":"2024-01-26T07:21:46","date_gmt":"2024-01-26T07:21:46","guid":{"rendered":"https:\/\/demo2wpopal.b-cdn.net\/axetor\/shop\/fantastic-concrete-shirt\/"},"modified":"2025-10-30T17:26:09","modified_gmt":"2025-10-30T17:26:09","slug":"foam-kneepads","status":"publish","type":"product","link":"https:\/\/workerium.com\/de\/urun\/foam-kneepads\/","title":{"rendered":"Foam Kneepads"},"content":{"rendered":"<div data-elementor-type=\"wp-post\" data-elementor-id=\"108\" class=\"elementor elementor-108\" data-elementor-post-type=\"product\">\n\t\t\t\t<div class=\"elementor-element elementor-element-7d15718a e-flex e-con-boxed e-con e-parent\" data-id=\"7d15718a\" data-element_type=\"container\" data-e-type=\"container\">\n\t\t\t\t\t<div class=\"e-con-inner\">\n\t\t<div class=\"elementor-element elementor-element-d251f0b e-con-full e-flex e-con e-child\" data-id=\"d251f0b\" data-element_type=\"container\" data-e-type=\"container\">\n\t\t\t\t<div class=\"elementor-element elementor-element-d380c83 elementor-widget elementor-widget-heading\" data-id=\"d380c83\" data-element_type=\"widget\" data-e-type=\"widget\" data-widget_type=\"heading.default\">\n\t\t\t\t\t<h3 class=\"elementor-heading-title elementor-size-default\">Produktbeschreibungen<\/h3>\t\t\t\t<\/div>\n\t\t\t\t<div class=\"elementor-element elementor-element-bffd456 elementor-widget elementor-widget-text-editor\" data-id=\"bffd456\" data-element_type=\"widget\" data-e-type=\"widget\" data-widget_type=\"text-editor.default\">\n\t\t\t\t\t\t\t\t\tBeinhaltet die Schaffung einer Vielzahl von handgefertigt Gem\u00e4lde, Techniken, Stile und Materialien, so es k\u00f6nnen erheblich variieren, abh\u00e4ngig von der spezifischen Produkt-details Kunstwerk und K\u00fcnstler. Sie k\u00f6nnten jedoch auch feststellen, dass, wenn der Beschreibung eine handgefertigte hier sind einige der gemeinsame Einkauf oder Malerei Produkt-details:\t\t\t\t\t\t\t\t<\/div>\n\t\t\t\t<div class=\"elementor-element elementor-element-ff5363b elementor-widget elementor-widget-text-editor\" data-id=\"ff5363b\" data-element_type=\"widget\" data-e-type=\"widget\" data-widget_type=\"text-editor.default\">\n\t\t\t\t\t\t\t\t\tBeim Kauf oder Verkauf eines handgefertigt Malerei, es ist wichtig, ein klares Verst\u00e4ndnis dieser Produkt details, informierte Entscheidung zu treffen und bieten eine umfassende Beschreibung des Kunstwerks, den moment mit potenziellen K\u00e4ufern. Dar\u00fcber hinaus ist der Wert kann beeinflusst werden durch Faktoren wie des K\u00fcnstlers Ruf und Bedeutung als eine handgefertigte Gem\u00e4lde, die Seltenheit des St\u00fccks und die Nachfrage nach Ihrer Arbeit in Kunst-Markt.\t\t\t\t\t\t\t\t<\/div>\n\t\t<div class=\"elementor-element elementor-element-c8e2aef e-flex e-con-boxed e-con e-child\" data-id=\"c8e2aef\" data-element_type=\"container\" data-e-type=\"container\">\n\t\t\t\t\t<div class=\"e-con-inner\">\n\t\t\t\t<div class=\"elementor-element elementor-element-1c4b2ca elementor-widget__width-initial elementor-widget elementor-widget-text-editor\" data-id=\"1c4b2ca\" data-element_type=\"widget\" data-e-type=\"widget\" data-widget_type=\"text-editor.default\">\n\t\t\t\t\t\t\t\t\t<span style=\"color: #000000;\">Modell tr\u00e4gt:<\/span> UK 10\/ EU 38\/ US 6<br>\n<span style=\"color: #000000;\">Anlass:<\/span> Lifestyle, Sport<br>\n<span style=\"color: #000000;\">Land:<\/span> Italien\t\t\t\t\t\t\t\t<\/div>\n\t\t\t\t<div class=\"elementor-element elementor-element-0163daf elementor-widget__width-initial elementor-widget elementor-widget-text-editor\" data-id=\"0163daf\" data-element_type=\"widget\" data-e-type=\"widget\" data-widget_type=\"text-editor.default\">\n\t\t\t\t\t\t\t\t\t<p><span style=\"color: #000000;\">Verpackung:<\/span> Leder 100%, Polyamid 100%<br \/><span style=\"color: #000000;\">Futter:<\/span> Polyester 100%<br \/><span style=\"color: #000000;\">CounSoletry:<\/span> Gummi 100%<\/p>\t\t\t\t\t\t\t\t<\/div>\n\t\t\t\t\t<\/div>\n\t\t\t\t<\/div>\n\t\t\t\t<\/div>\n\t\t<div class=\"elementor-element elementor-element-cc179e0 e-con-full e-flex e-con e-child\" data-id=\"cc179e0\" data-element_type=\"container\" data-e-type=\"container\">\n\t\t\t\t<div class=\"elementor-element elementor-element-a3eddb8 elementor-widget elementor-widget-image\" data-id=\"a3eddb8\" data-element_type=\"widget\" data-e-type=\"widget\" data-widget_type=\"image.default\">\n\t\t\t\t\t\t\t\t\t\t\t\t\t\t\t<img fetchpriority=\"high\" decoding=\"async\" width=\"810\" height=\"550\" src=\"https:\/\/workerium.com\/wp-content\/uploads\/2024\/01\/single-product.jpg\" class=\"attachment-full size-full wp-image-5363\" alt=\"\" srcset=\"https:\/\/workerium.com\/wp-content\/uploads\/2024\/01\/single-product.jpg 810w, https:\/\/workerium.com\/wp-content\/uploads\/2024\/01\/single-product-450x306.jpg 450w, https:\/\/workerium.com\/wp-content\/uploads\/2024\/01\/single-product-800x543.jpg 800w, https:\/\/workerium.com\/wp-content\/uploads\/2024\/01\/single-product-300x204.jpg 300w, https:\/\/workerium.com\/wp-content\/uploads\/2024\/01\/single-product-768x521.jpg 768w\" sizes=\"(max-width: 810px) 100vw, 810px\" \/>\t\t\t\t\t\t\t\t\t\t\t\t\t\t\t<\/div>\n\t\t\t\t<\/div>\n\t\t\t\t\t<\/div>\n\t\t\t\t<\/div>\n\t\t\t\t<\/div>","protected":false},"excerpt":{"rendered":"<p>Quasi ut omnis quam inventore. Tenetur sint magnam numquam eligendi. Autem aliquam reprehenderit aliquid. Quia molestias sunt reprehenderit qui voluptatem. Ratione ratione possimus saepe.<\/p>","protected":false},"featured_media":6018,"comment_status":"open","ping_status":"closed","template":"","meta":[],"product_cat":[32,57],"product_tag":[],"class_list":{"0":"post-108","1":"product","2":"type-product","3":"status-publish","4":"has-post-thumbnail","6":"product_brand-aqume","7":"product_cat-is-montlari","8":"product_cat-polo-yaka-tisort","10":"first","11":"instock","12":"featured","13":"shipping-taxable","14":"purchasable","15":"product-type-simple"},"_links":{"self":[{"href":"https:\/\/workerium.com\/de\/wp-json\/wp\/v2\/product\/108","targetHints":{"allow":["GET"]}}],"collection":[{"href":"https:\/\/workerium.com\/de\/wp-json\/wp\/v2\/product"}],"about":[{"href":"https:\/\/workerium.com\/de\/wp-json\/wp\/v2\/types\/product"}],"replies":[{"embeddable":true,"href":"https:\/\/workerium.com\/de\/wp-json\/wp\/v2\/comments?post=108"}],"wp:featuredmedia":[{"embeddable":true,"href":"https:\/\/workerium.com\/de\/wp-json\/wp\/v2\/media\/6018"}],"wp:attachment":[{"href":"https:\/\/workerium.com\/de\/wp-json\/wp\/v2\/media?parent=108"}],"wp:term":[{"taxonomy":"product_cat","embeddable":true,"href":"https:\/\/workerium.com\/de\/wp-json\/wp\/v2\/product_cat?post=108"},{"taxonomy":"product_tag","embeddable":true,"href":"https:\/\/workerium.com\/de\/wp-json\/wp\/v2\/product_tag?post=108"}],"curies":[{"name":"wp","href":"https:\/\/api.w.org\/{rel}","templated":true}]}}